{"id":2283,"date":"2019-02-25T13:29:00","date_gmt":"2019-02-25T13:29:00","guid":{"rendered":"https:\/\/www.shams-publishing.com\/faqaboutomniscriptum\/"},"modified":"2019-02-25T13:43:59","modified_gmt":"2019-02-25T13:43:59","slug":"faqaboutomniscriptum","status":"publish","type":"page","link":"https:\/\/www.shams-publishing.com\/fr\/faqaboutomniscriptum\/","title":{"rendered":"QUESTIONS FR\u00c9QUEMMENT POS\u00c9ES SUR OMNISCRIPTUM"},"content":{"rendered":"<?xml encoding=\"utf8\" ?>\t\t<div data-elementor-type=\"wp-page\" data-elementor-id=\"2283\" class=\"elementor elementor-2283 elementor-2266 elementor-bc-flex-widget\" data-elementor-settings=\"[]\">\n\t\t\t\t\t\t<div class=\"elementor-inner\">\n\t\t\t\t\t\t\t<div class=\"elementor-section-wrap\">\n\t\t\t\t\t\t\t<section class=\"elementor-section elementor-top-section elementor-element elementor-element-74c164a elementor-section-boxed elementor-section-height-default elementor-section-height-default\" data-id=\"74c164a\" data-element_type=\"section\" data-settings=\"{&quot;jet_parallax_layout_list&quot;:[{&quot;jet_parallax_layout_image&quot;:{&quot;url&quot;:&quot;&quot;,&quot;id&quot;:&quot;&quot;},&quot;_id&quot;:&quot;5ea455b&quot;,&quot;jet_parallax_layout_image_tablet&quot;:{&quot;url&quot;:&quot;&quot;,&quot;id&quot;:&quot;&quot;},&quot;jet_parallax_layout_image_mobile&quot;:{&quot;url&quot;:&quot;&quot;,&quot;id&quot;:&quot;&quot;},&quot;jet_parallax_layout_speed&quot;:{&quot;unit&quot;:&quot;%&quot;,&quot;size&quot;:50,&quot;sizes&quot;:[]},&quot;jet_parallax_layout_type&quot;:&quot;scroll&quot;,&quot;jet_parallax_layout_z_index&quot;:&quot;&quot;,&quot;jet_parallax_layout_bg_x&quot;:50,&quot;jet_parallax_layout_bg_y&quot;:50,&quot;jet_parallax_layout_bg_size&quot;:&quot;auto&quot;,&quot;jet_parallax_layout_animation_prop&quot;:&quot;transform&quot;,&quot;jet_parallax_layout_on&quot;:[&quot;desktop&quot;,&quot;tablet&quot;],&quot;jet_parallax_layout_direction&quot;:null,&quot;jet_parallax_layout_fx_direction&quot;:null,&quot;jet_parallax_layout_bg_x_tablet&quot;:&quot;&quot;,&quot;jet_parallax_layout_bg_x_mobile&quot;:&quot;&quot;,&quot;jet_parallax_layout_bg_y_tablet&quot;:&quot;&quot;,&quot;jet_parallax_layout_bg_y_mobile&quot;:&quot;&quot;,&quot;jet_parallax_layout_bg_size_tablet&quot;:&quot;&quot;,&quot;jet_parallax_layout_bg_size_mobile&quot;:&quot;&quot;}]}\">\n\t\t\t\t\t\t<div class=\"elementor-container elementor-column-gap-default\">\n\t\t\t\t\t\t\t<div class=\"elementor-row\">\n\t\t\t\t\t<div class=\"elementor-column elementor-col-100 elementor-top-column elementor-element elementor-element-725f054\" data-id=\"725f054\" data-element_type=\"column\">\n\t\t\t<div class=\"elementor-column-wrap elementor-element-populated\">\n\t\t\t\t\t\t\t<div class=\"elementor-widget-wrap\">\n\t\t\t\t\t\t<div class=\"elementor-element elementor-element-037dd4e elementor-widget elementor-widget-text-editor\" data-id=\"037dd4e\" data-element_type=\"widget\" data-widget_type=\"text-editor.default\">\n\t\t\t\t<div class=\"elementor-widget-container\">\n\t\t\t\t\t\t\t\t<div class=\"elementor-text-editor elementor-clearfix\">\n\t\t\t\t<p>Tout d\u2019abord, oui. Oui, nous sommes conscients des critiques envers OmniScriptum que l\u2019on peut trouver sur Internet. Jusqu\u2019\u00e0 pr\u00e9sent, notre politique a toujours \u00e9t\u00e9 de contester les informations (souvent mensong\u00e8res) directement aupr\u00e8s de chacun de nos auteurs potentiels. Tout en poursuivant cette approche, nous voulons \u00e9galement nous opposer aux critiques formul\u00e9es \u00e0 l\u2019\u00e9gard d\u2019une plateforme publique comme celle-ci. Parce que nous sommes conscients que les m\u00e9dias, les comp\u00e9titeurs et les milieux acad\u00e9miques voudraient aussi savoir ce que nous avons \u00e0 dire \u00e0 cet \u00e9gard. Et si on peut dire quelque chose \u00e0 propos d\u2019OmniScriptum, c\u2019est que nous ne sommes PAS craintifs.<\/p><p>Un conseil \u00e0 tous. Avant de lire un article de blog, de presse ou toute autre source d\u2019information sur OmniScriptum, v\u00e9rifiez la date. Il y a de fortes chances que l\u2019information date de plusieurs ann\u00e9es, qu\u2019elle soit d\u00e9pass\u00e9e fausse. Notre entreprise a \u00e9norm\u00e9ment chang\u00e9 et \u00e9volu\u00e9 au cours des derni\u00e8res ann\u00e9es. Nous avons chang\u00e9 notre m\u00e9thode de travail, nous avons chang\u00e9 nos conditions de publication, nous avons m\u00eame chang\u00e9 notre nom. Juste pour clarifier \u2013 nous sommes OmniScriptum!<br \/>Alors, c\u2019est parti\u2026<\/p><h3><span style=\"color: #333333;\">OmniScriptum est un \u00e9diteur pr\u00e9dateur qui vous enl\u00e8vera vos droits d\u2019auteur<\/span><\/h3><p><strong>Faux !<\/strong><br \/>Puisque vous \u00eates l\u2019auteur de l\u2019\u0153uvre, vous \u00eates le titulaire du droit d\u2019auteur. En fait, voici un passage directe de notre contrat d\u2019\u00e9dition: \u201d L\u2019auteur restera propri\u00e9taire des droits d\u2019auteur de son \u0153uvre \u201c. Le contenu que vous cr\u00e9ez vous appartient, et vous d\u00e9cidez quoi en faire.<\/p><h3><span style=\"color: #333333;\">OmniScriptum ne donne pas de copies imprim\u00e9es gratuites<\/span><\/h3><p><strong>Vrai !<\/strong><br \/>Si vous \u00eates notre auteur, vous devriez savoir 2 choses principales \u00e0 propos de nos processus \u2013 le processus de publication en tant que tel est gratuit et tous les titres sont imprim\u00e9s \u00e0 la demande (POD)par l\u2019un de nos 12 partenaires dans le monde. A savoir, il n\u2019y a pas de stock physique de plus de 300 000 monographies existants dans notre catalogue d\u2019o\u00f9 nous pourrions simplement choisir une copie imprim\u00e9e. Serait-il \u00e9cologique de conserver plus de 500 exemplaires de chaque \u0153uvre publi\u00e9e (oui, c\u2019est le nombre d\u2019exemplaires qu\u2019il faut imprimer si l\u2019on veut utiliser une machine d\u2019impression offset) dans le monde entier? Non. Notre environnement m\u00e9rite mieux. Ainsi, nous n\u2019imprimons des exemplaires qu\u2019une fois qu\u2019ils sont demand\u00e9s (commande, demande d\u2019un exemplaire de critique aupr\u00e8s des m\u00e9dias, demande de d\u00e9p\u00f4t aupr\u00e8s d\u2019une biblioth\u00e8que nationale, etc.). Nous sommes \u00e9galement en mesure d\u2019offrir TOUJOURS des copies imprim\u00e9es gratuites qui accompagnent les commandes de livres de nos auteurs.<\/p><h3><span style=\"color: #333333;\">Les livres OmniScriptum sont trop chers<\/span><\/h3><p><strong>Faux !<\/strong><\/p><p>Tout d\u2019abord, nous assurons la gratuit\u00e9 totale de nos services d\u2019\u00e9dition pour nos auteurs. Pour ce faire, nous devons se baser sur le prix du livre pour couvrir les frais de publication. Cela inclut non seulement les co\u00fbts d\u2019impression, du service informatique, des ressources humaines associ\u00e9s \u00e0 la publication, mais aussi les frais de distribution. Nous devons nous assurer que l\u2019ouvrage est disponible dans le monde entier, ce qui comprend l\u2019enregistrement du livre aupr\u00e8s de divers distributeurs, la participation \u00e0 des appels d\u2019offres universitaires, etc. qui sont tous soumis \u00e0 des charges de distribution. Une commission, tout simplement. Comme nous sommes financ\u00e9s exclusivement par la vente de nos livres, nous donnons beaucoup d\u2019importance \u00e0 un \u00e9quilibre optimis\u00e9 entre la rentabilit\u00e9 et les possibilit\u00e9s de commercialisation lors de la d\u00e9termination de nos prix. Si vous comparez nos prix avec ceux d\u2019autres maisons d\u2019\u00e9dition de publications acad\u00e9miques, vous constaterez qu\u2019ils sont similaires. Parfois encore plus attractifs. Certains des 5 premiers \u00e9diteurs acad\u00e9miques mondiaux proposent un livre \u00e9lectronique au prix de 100 euros. Pas nous.<\/p><h3><span style=\"color: #333333;\">OmniScriptum paie peu ou pas de redevances<\/span><\/h3><p><strong>Faux !<\/strong><br \/>Mais soyons francs \u2013 si vous avez choisi de publier avec nous parce que vous aimeriez devenir le prochain Paulo Coelho, Nora Roberts ou Stephen King en termes de revenus, nous risquons peut-\u00eatre de vous d\u00e9cevoir. Nous ne promettons pas \u00e0 nos auteurs qu\u2019ils peuvent faire leur vie \u00e0 partir d\u2019une (ou deux ou trois\u2026) publications avec nous. Le march\u00e9 acad\u00e9mique est sp\u00e9cifique, c\u2019est un secteur (parfois \u00e9troit) dans lequel votre publication pourrait faire son entr\u00e9e.Il est fort probable que votre titre ne figurera pas sur la liste des best-sellers d\u2019Amazon. Est-ce que cela signifie qu\u2019il est moins digne d\u2019\u00eatre publi\u00e9 ? Absolument pas ! C\u2019est pourquoi nous r\u00e9mun\u00e9rons nos auteurs avec des redevances qui sont consid\u00e9r\u00e9es comme moyennes \u00e0 \u00e9lev\u00e9es dans la publication universitaire imprim\u00e9e. Nous avons des auteurs qui ont re\u00e7u des milliers d\u2019euros en redevances. Mais la plupart des auteurs ont re\u00e7u un ch\u00e8que-cadeau pour quelques euros. Il est dans l\u2019int\u00e9r\u00eat commun le notre et celui de nos auteurs de pouvoir obtenir d\u2019importantes redevances. Et notre \u00e9quipe de commercialisation et de distribution travaille d\u2019arrache-pied pour y parvenir pour le plus grand nombre d\u2019auteurs possible.<\/p><h3><span style=\"color: #333333;\">OmniScriptum ne fait pas appel au comit\u00e9 de lecture classique<\/span><\/h3><p><strong>Vrai!<\/strong><br \/>Le comit\u00e9 de lecture classique a \u00e9t\u00e9 l\u2019un des sujets les plus discut\u00e9s par les scientifiques et l\u2019une des lances les plus fr\u00e9quemment utilis\u00e9es contre nous par l\u2019industrie de l\u2019\u00e9dition universitaire. Tout d\u2019abord, toutes les th\u00e8ses que nous avons publi\u00e9es ont d\u00e9j\u00e0 fait l\u2019objet d\u2019un examen minutieux par le tuteur, puis par le 2e lectorat \u00e0 leur soumission. Pourquoi devrions-nous pr\u00e9tendre que nous connaissons mieux le sujet de la sp\u00e9cialit\u00e9 qu\u2019un comit\u00e9 de professeurs dans une universit\u00e9? L\u2019id\u00e9e derri\u00e8re le comit\u00e9 de lecture \u00e9tait qu\u2019il \u00e9liminerait les travaux de faible qualit\u00e9 et ne partagerait que les travaux scientifiques qui r\u00e9sistent aux \u201d crit\u00e8res de qualit\u00e9 \u201c. N\u00e9anmoins, les comit\u00e9s de lecture ont \u00e9t\u00e9 critiqu\u00e9s pour leur inefficacit\u00e9, leur partialit\u00e9, leur motivation erron\u00e9e, etc. Le Dr Richard Smith, dans le Times Higher Education Ranking, a d\u00e9crit le comit\u00e9 de lecture comme \u00e9tant \u201d en grande partie une loterie, anti-innovatrice, lente, co\u00fbteuse, gaspilleuse de temps scientifique, inefficace, facile \u00e0 abuser, sujette aux biais, incapable de d\u00e9tecter la fraude et non pertinente \u201c. Le d\u00e9bat sur l\u2019\u00e9valuation des comit\u00e9 de lectorat dans le milieu universitaire est en cours. Il se trouve que nous faisons partie du mouvement anti-revision , avec une vaste communaut\u00e9 de scientifiques et d\u2019universitaires. De quelle taille ? Cherchez simplement \u201d critique sue les comit\u00e9s de lecture \u201d dans votre moteur de recherche pr\u00e9f\u00e9r\u00e9 et laissez-vous surprendre.<\/p><h3><span style=\"color: #333333;\">Pourquoi devrais-je publier avec OmniScriptum si je peux imprimer une copie de mon manuscrit dans la boutique de copie et d\u2019impression voisine pour 3 euros?<\/span><\/h3><p><strong>Vrai !<\/strong><br \/>Oui, vous pouvez apporter votre manuscrit chez le photocopieur le plus proche et obtenir une version imprim\u00e9e pour 3 euros, peut-\u00eatre m\u00eame avec une \u201d couverture \u201c. C\u2019est quelque chose de semblable \u00e0 ce que les maisons d\u2019auto-\u00e9dition offrent aussi aux auteurs. Mais notez que le manuscrit , bien que ressemblant \u00e0 un livre, lui manque quelques \u00e9l\u00e9ments qui ne peuvent \u00eatre ajout\u00e9s qu\u2019en publiant chez nous (mais pas avec des maisons d\u2019auto-\u00e9dition). Tout d\u2019abord, notre \u00e9quipe de gestion de l\u2019impression veille \u00e0 ce que le livre puisse \u00eatre imprim\u00e9 dans le monde entier. Cela inclut la cr\u00e9ation de fichiers pr\u00eats \u00e0 imprimer. Deuxi\u00e8mement, nous indexons votre livre avec un ISBN. Un point suppl\u00e9mentaire c\u2019est que le copy-shop ne fait aucune offre.<br \/>Un ISBN garantit que votre titre peut \u00eatre r\u00e9pertori\u00e9 et vendu par les plus grandes librairies du monde. Troisi\u00e8mement, nous commercialisons votre livre. Nous envoyons toutes les informations \u00e0 plus de 200 soci\u00e9t\u00e9s de distribution dans plus de 40 pays dans le monde. Cela inclut les g\u00e9ants de l\u2019industrie comme LSI \/ Ingram, Amazon, Hachette Livre, Ozon et autres. Au besoin, nous pr\u00e9parons des catalogues, nous envoyons des exemplaires aux m\u00e9dias et nous effectuons d\u2019autres activit\u00e9s de marketing.<\/p><h3><span style=\"color: #333333;\">OmniScriptum publie du contenu Wikip\u00e9dia<\/span><\/h3><p><strong>Faux !<\/strong><br \/>Il y a quelques ann\u00e9es, notre soci\u00e9t\u00e9 pr\u00e9c\u00e9dente publiait du contenu \u00e9galement disponible sur Wikip\u00e9dia, et le faisait ouvertement (chaque titre avait \u00e9t\u00e9 marqu\u00e9 de l\u2019\u00e9tiquette \u201d Contient du contenu Wikip\u00e9dia \u201c), l\u00e9galement et selon les propres Conditions g\u00e9n\u00e9rales de Wikip\u00e9dia. Cependant, cette pratique a \u00e9t\u00e9 supprim\u00e9e il y a plus de 5 ans. OmniScriptum ne publie aucun contenu Wikip\u00e9dia, se concentrant uniquement sur les auteurs acad\u00e9miques ou d\u2019int\u00e9r\u00eat particulier.<\/p><h3><span style=\"color: #333333;\">Omniscriptum publiera n\u2019importe quoi sans aucune s\u00e9lection<\/span><\/h3><p><strong>Faux !<\/strong><br \/>Contrairement au style traditionnel de l\u2019industrie de l\u2019\u00e9dition, nous sommes un \u00e9diteur polyvalent. Tout le monde est invit\u00e9 \u00e0 partager son travail, ses id\u00e9es et \u00e0 avoir de grandes chances que l\u2019\u0153uvre soit publi\u00e9e. Est-ce que cela signifie que nous avons un ratio de soumission\/publication de 100 % ? Non, pas du tout. Nous avons d\u00fb rejeter des auteurs parce que leurs \u0153uvres ne sont pas correctement r\u00e9f\u00e9renc\u00e9es, qu\u2019elles contiennent du contenu plagi\u00e9 ou, franchement, qu\u2019elles n\u2019ont aucun sens. Nous avons \u00e9galement mis fin \u00e0 des contrats d\u2019\u00e9dition avec des auteurs qui se sont permis d\u2019\u00eatre impolis envers notre r\u00e9daction ou envers d\u2019autres auteurs. Si vous \u00eates un auteur d\u00e9butant, mais ouvert d\u2019esprit, vous vous sentirez confortablement \u00e0 l\u2019aise avec OmniScriptum.<\/p><h3><span style=\"color: #333333;\">OmniScriptum est une maison d\u2019\u00e9dition \u00e0 compte d\u2019auteur<\/span><\/h3><p><strong>Faux !<\/strong><br \/>Chaque personne ayant consulter L\u2019encyclop\u00e9die \u00e0 lecture rapide (W) vous dira dans sa premi\u00e8re phrase que les L\u2019\u00e9dition \u00e0 compte d\u2019auteur facturent des frais aux auteurs pour la publication. Nous ajouterons \u00e0 cela \u2013 non seulement les maison d\u2019\u00e9dition \u00e0 compte d\u2019auteur facturent l\u2019auteur, mais aussi les maisons d\u2019\u00e9dition traditionnelles. OmniScriptum ne facture pas ses auteurs pour les services de publication. Il y a des caract\u00e9ristiques qui entra\u00eenent des co\u00fbts de production plus \u00e9lev\u00e9s (comme l\u2019impression couleur, par exemple), et ici nous discutons habituellement avec l\u2019auteur de ce qui est possible gratuitement et de ce qui ne l\u2019est pas. Mais notre service de publication en tant que tel est gratuit.<\/p>\t\t\t\t\t<\/div>\n\t\t\t\t\t\t<\/div>\n\t\t\t\t<\/div>\n\t\t\t\t\t\t<\/div>\n\t\t\t\t\t<\/div>\n\t\t<\/div>\n\t\t\t\t\t\t\t\t<\/div>\n\t\t\t\t\t<\/div>\n\t\t<\/section>\n\t\t\t\t<section class=\"elementor-section elementor-top-section elementor-element elementor-element-4742ddf elementor-section-boxed elementor-section-height-default elementor-section-height-default\" data-id=\"4742ddf\" data-element_type=\"section\" data-settings=\"{&quot;jet_parallax_layout_list&quot;:[{&quot;jet_parallax_layout_image&quot;:{&quot;url&quot;:&quot;&quot;,&quot;id&quot;:&quot;&quot;},&quot;_id&quot;:&quot;0529785&quot;,&quot;jet_parallax_layout_image_tablet&quot;:{&quot;url&quot;:&quot;&quot;,&quot;id&quot;:&quot;&quot;},&quot;jet_parallax_layout_image_mobile&quot;:{&quot;url&quot;:&quot;&quot;,&quot;id&quot;:&quot;&quot;},&quot;jet_parallax_layout_speed&quot;:{&quot;unit&quot;:&quot;%&quot;,&quot;size&quot;:50,&quot;sizes&quot;:[]},&quot;jet_parallax_layout_type&quot;:&quot;scroll&quot;,&quot;jet_parallax_layout_z_index&quot;:&quot;&quot;,&quot;jet_parallax_layout_bg_x&quot;:50,&quot;jet_parallax_layout_bg_y&quot;:50,&quot;jet_parallax_layout_bg_size&quot;:&quot;auto&quot;,&quot;jet_parallax_layout_animation_prop&quot;:&quot;transform&quot;,&quot;jet_parallax_layout_on&quot;:[&quot;desktop&quot;,&quot;tablet&quot;],&quot;jet_parallax_layout_direction&quot;:null,&quot;jet_parallax_layout_fx_direction&quot;:null,&quot;jet_parallax_layout_bg_x_tablet&quot;:&quot;&quot;,&quot;jet_parallax_layout_bg_x_mobile&quot;:&quot;&quot;,&quot;jet_parallax_layout_bg_y_tablet&quot;:&quot;&quot;,&quot;jet_parallax_layout_bg_y_mobile&quot;:&quot;&quot;,&quot;jet_parallax_layout_bg_size_tablet&quot;:&quot;&quot;,&quot;jet_parallax_layout_bg_size_mobile&quot;:&quot;&quot;}]}\">\n\t\t\t\t\t\t<div class=\"elementor-container elementor-column-gap-default\">\n\t\t\t\t\t\t\t<div class=\"elementor-row\">\n\t\t\t\t\t<div class=\"elementor-column elementor-col-100 elementor-top-column elementor-element elementor-element-d98c99d\" data-id=\"d98c99d\" data-element_type=\"column\">\n\t\t\t<div class=\"elementor-column-wrap elementor-element-populated\">\n\t\t\t\t\t\t\t<div class=\"elementor-widget-wrap\">\n\t\t\t\t\t\t<div class=\"elementor-element elementor-element-f7c3258 elementor-widget elementor-widget-heading\" data-id=\"f7c3258\" data-element_type=\"widget\" data-widget_type=\"heading.default\">\n\t\t\t\t<div class=\"elementor-widget-container\">\n\t\t\t<h2 class=\"elementor-heading-title elementor-size-large\">Vous avez encore des questions ? Participez \u00e0 la discussion !<\/h2>\t\t<\/div>\n\t\t\t\t<\/div>\n\t\t\t\t\t\t<\/div>\n\t\t\t\t\t<\/div>\n\t\t<\/div>\n\t\t\t\t\t\t\t\t<\/div>\n\t\t\t\t\t<\/div>\n\t\t<\/section>\n\t\t\t\t<section class=\"elementor-section elementor-top-section elementor-element elementor-element-5c53c0c elementor-section-boxed elementor-section-height-default elementor-section-height-default\" data-id=\"5c53c0c\" data-element_type=\"section\" data-settings=\"{&quot;jet_parallax_layout_list&quot;:[{&quot;jet_parallax_layout_image&quot;:{&quot;url&quot;:&quot;&quot;,&quot;id&quot;:&quot;&quot;},&quot;_id&quot;:&quot;2c96d85&quot;,&quot;jet_parallax_layout_image_tablet&quot;:{&quot;url&quot;:&quot;&quot;,&quot;id&quot;:&quot;&quot;},&quot;jet_parallax_layout_image_mobile&quot;:{&quot;url&quot;:&quot;&quot;,&quot;id&quot;:&quot;&quot;},&quot;jet_parallax_layout_speed&quot;:{&quot;unit&quot;:&quot;%&quot;,&quot;size&quot;:50,&quot;sizes&quot;:[]},&quot;jet_parallax_layout_type&quot;:&quot;scroll&quot;,&quot;jet_parallax_layout_z_index&quot;:&quot;&quot;,&quot;jet_parallax_layout_bg_x&quot;:50,&quot;jet_parallax_layout_bg_y&quot;:50,&quot;jet_parallax_layout_bg_size&quot;:&quot;auto&quot;,&quot;jet_parallax_layout_animation_prop&quot;:&quot;transform&quot;,&quot;jet_parallax_layout_on&quot;:[&quot;desktop&quot;,&quot;tablet&quot;],&quot;jet_parallax_layout_direction&quot;:null,&quot;jet_parallax_layout_fx_direction&quot;:null,&quot;jet_parallax_layout_bg_x_tablet&quot;:&quot;&quot;,&quot;jet_parallax_layout_bg_x_mobile&quot;:&quot;&quot;,&quot;jet_parallax_layout_bg_y_tablet&quot;:&quot;&quot;,&quot;jet_parallax_layout_bg_y_mobile&quot;:&quot;&quot;,&quot;jet_parallax_layout_bg_size_tablet&quot;:&quot;&quot;,&quot;jet_parallax_layout_bg_size_mobile&quot;:&quot;&quot;}]}\">\n\t\t\t\t\t\t<div class=\"elementor-container elementor-column-gap-default\">\n\t\t\t\t\t\t\t<div class=\"elementor-row\">\n\t\t\t\t\t<div class=\"elementor-column elementor-col-100 elementor-top-column elementor-element elementor-element-6c41c26\" data-id=\"6c41c26\" data-element_type=\"column\">\n\t\t\t<div class=\"elementor-column-wrap elementor-element-populated\">\n\t\t\t\t\t\t\t<div class=\"elementor-widget-wrap\">\n\t\t\t\t\t\t<section class=\"elementor-section elementor-inner-section elementor-element elementor-element-ff9d9e6 elementor-section-boxed elementor-section-height-default elementor-section-height-default\" data-id=\"ff9d9e6\" data-element_type=\"section\" data-settings=\"{&quot;jet_parallax_layout_list&quot;:[{&quot;jet_parallax_layout_image&quot;:{&quot;url&quot;:&quot;&quot;,&quot;id&quot;:&quot;&quot;},&quot;_id&quot;:&quot;0f170f2&quot;,&quot;jet_parallax_layout_image_tablet&quot;:{&quot;url&quot;:&quot;&quot;,&quot;id&quot;:&quot;&quot;},&quot;jet_parallax_layout_image_mobile&quot;:{&quot;url&quot;:&quot;&quot;,&quot;id&quot;:&quot;&quot;},&quot;jet_parallax_layout_speed&quot;:{&quot;unit&quot;:&quot;%&quot;,&quot;size&quot;:50,&quot;sizes&quot;:[]},&quot;jet_parallax_layout_type&quot;:&quot;scroll&quot;,&quot;jet_parallax_layout_z_index&quot;:&quot;&quot;,&quot;jet_parallax_layout_bg_x&quot;:50,&quot;jet_parallax_layout_bg_y&quot;:50,&quot;jet_parallax_layout_bg_size&quot;:&quot;auto&quot;,&quot;jet_parallax_layout_animation_prop&quot;:&quot;transform&quot;,&quot;jet_parallax_layout_on&quot;:[&quot;desktop&quot;,&quot;tablet&quot;],&quot;jet_parallax_layout_direction&quot;:null,&quot;jet_parallax_layout_fx_direction&quot;:null,&quot;jet_parallax_layout_bg_x_tablet&quot;:&quot;&quot;,&quot;jet_parallax_layout_bg_x_mobile&quot;:&quot;&quot;,&quot;jet_parallax_layout_bg_y_tablet&quot;:&quot;&quot;,&quot;jet_parallax_layout_bg_y_mobile&quot;:&quot;&quot;,&quot;jet_parallax_layout_bg_size_tablet&quot;:&quot;&quot;,&quot;jet_parallax_layout_bg_size_mobile&quot;:&quot;&quot;}]}\">\n\t\t\t\t\t\t<div class=\"elementor-container elementor-column-gap-default\">\n\t\t\t\t\t\t\t<div class=\"elementor-row\">\n\t\t\t\t\t<div class=\"elementor-column elementor-col-50 elementor-inner-column elementor-element elementor-element-55fa623\" data-id=\"55fa623\" data-element_type=\"column\">\n\t\t\t<div class=\"elementor-column-wrap elementor-element-populated\">\n\t\t\t\t\t\t\t<div class=\"elementor-widget-wrap\">\n\t\t\t\t\t\t<div class=\"elementor-element elementor-element-7e43b96 elementor-align-right elementor-widget elementor-widget-button\" data-id=\"7e43b96\" data-element_type=\"widget\" data-widget_type=\"button.default\">\n\t\t\t\t<div class=\"elementor-widget-container\">\n\t\t\t\t\t<div class=\"elementor-button-wrapper\">\n\t\t\t<a href=\"https:\/\/www.omniscriptum.com\/contact\/\" target=\"_blank\" class=\"elementor-button-link elementor-button elementor-size-sm\" role=\"button\">\n\t\t\t\t\t\t<span class=\"elementor-button-content-wrapper\">\n\t\t\t\t\t\t<span class=\"elementor-button-text\">Prenez contact avec nous<\/span>\n\t\t<\/span>\n\t\t\t\t\t<\/a>\n\t\t<\/div>\n\t\t\t\t<\/div>\n\t\t\t\t<\/div>\n\t\t\t\t\t\t<\/div>\n\t\t\t\t\t<\/div>\n\t\t<\/div>\n\t\t\t\t<div class=\"elementor-column elementor-col-50 elementor-inner-column elementor-element elementor-element-5316091\" data-id=\"5316091\" data-element_type=\"column\">\n\t\t\t<div class=\"elementor-column-wrap elementor-element-populated\">\n\t\t\t\t\t\t\t<div class=\"elementor-widget-wrap\">\n\t\t\t\t\t\t<div class=\"elementor-element elementor-element-b10ff44 elementor-align-left elementor-widget elementor-widget-button\" data-id=\"b10ff44\" data-element_type=\"widget\" data-widget_type=\"button.default\">\n\t\t\t\t<div class=\"elementor-widget-container\">\n\t\t\t\t\t<div class=\"elementor-button-wrapper\">\n\t\t\t<a href=\"https:\/\/www.facebook.com\/OmniScriptum\/?eid=ARAEtuJ0Ob8YM60L1VuZDu9kIlq8CJXyHiH4uHBlNyWlHsy-SqJMOsBKFNfbmm362NKYbOVtA2zmU5ft\" target=\"_blank\" class=\"elementor-button-link elementor-button elementor-size-sm\" role=\"button\">\n\t\t\t\t\t\t<span class=\"elementor-button-content-wrapper\">\n\t\t\t\t\t\t<span class=\"elementor-button-text\">Visitez notre page Facebook<\/span>\n\t\t<\/span>\n\t\t\t\t\t<\/a>\n\t\t<\/div>\n\t\t\t\t<\/div>\n\t\t\t\t<\/div>\n\t\t\t\t\t\t<\/div>\n\t\t\t\t\t<\/div>\n\t\t<\/div>\n\t\t\t\t\t\t\t\t<\/div>\n\t\t\t\t\t<\/div>\n\t\t<\/section>\n\t\t\t\t\t\t<\/div>\n\t\t\t\t\t<\/div>\n\t\t<\/div>\n\t\t\t\t\t\t\t\t<\/div>\n\t\t\t\t\t<\/div>\n\t\t<\/section>\n\t\t\t\t\t\t<\/div>\n\t\t\t\t\t\t<\/div>\n\t\t\t\t\t<\/div>\n\t\t","protected":false},"excerpt":{"rendered":"<p>Tout d\u2019abord, oui. Oui, nous sommes conscients des critiques envers OmniScriptum que l\u2019on peut trouver sur Internet. Jusqu\u2019\u00e0 pr\u00e9sent, notre politique a toujours \u00e9t\u00e9 de contester les informations (souvent mensong\u00e8res) directement aupr\u00e8s de chacun de nos auteurs potentiels. Tout en poursuivant cette approche, nous voulons \u00e9galement nous opposer aux critiques formul\u00e9es \u00e0 l\u2019\u00e9gard d\u2019une plateforme &hellip;<\/p>\n<p class=\"read-more\"> <a class=\"\" href=\"https:\/\/www.shams-publishing.com\/fr\/faqaboutomniscriptum\/\"> <span class=\"screen-reader-text\">QUESTIONS FR\u00c9QUEMMENT POS\u00c9ES SUR OMNISCRIPTUM<\/span> Lire la suite\u00a0\u00bb<\/a><\/p>\n","protected":false},"author":11,"featured_media":0,"parent":0,"menu_order":0,"comment_status":"closed","ping_status":"closed","template":"","meta":[],"_links":{"self":[{"href":"https:\/\/www.shams-publishing.com\/fr\/wp-json\/wp\/v2\/pages\/2283"}],"collection":[{"href":"https:\/\/www.shams-publishing.com\/fr\/wp-json\/wp\/v2\/pages"}],"about":[{"href":"https:\/\/www.shams-publishing.com\/fr\/wp-json\/wp\/v2\/types\/page"}],"author":[{"embeddable":true,"href":"https:\/\/www.shams-publishing.com\/fr\/wp-json\/wp\/v2\/users\/11"}],"replies":[{"embeddable":true,"href":"https:\/\/www.shams-publishing.com\/fr\/wp-json\/wp\/v2\/comments?post=2283"}],"version-history":[{"count":5,"href":"https:\/\/www.shams-publishing.com\/fr\/wp-json\/wp\/v2\/pages\/2283\/revisions"}],"predecessor-version":[{"id":2291,"href":"https:\/\/www.shams-publishing.com\/fr\/wp-json\/wp\/v2\/pages\/2283\/revisions\/2291"}],"wp:attachment":[{"href":"https:\/\/www.shams-publishing.com\/fr\/wp-json\/wp\/v2\/media?parent=2283"}],"curies":[{"name":"wp","href":"https:\/\/api.w.org\/{rel}","templated":true}]}}